{"id":1334,"date":"2020-03-23T13:06:03","date_gmt":"2020-03-23T12:06:03","guid":{"rendered":"http:\/\/h143399.web213.dogado.net\/studienstiftung\/?page_id=1334"},"modified":"2024-12-13T16:05:31","modified_gmt":"2024-12-13T15:05:31","slug":"geschichte","status":"publish","type":"page","link":"https:\/\/www.studienstiftung-fuer-buddhismus.de\/en\/ueber-die-stiftung\/geschichte\/","title":{"rendered":"History"},"content":{"rendered":"<div data-elementor-type=\"wp-page\" data-elementor-id=\"1334\" class=\"elementor elementor-1334\">\n\t\t\t\t\t\t<section class=\"elementor-section elementor-top-section elementor-element elementor-element-05f1849 elementor-section-boxed elementor-section-height-default elementor-section-height-default\" data-id=\"05f1849\" data-element_type=\"section\" data-e-type=\"section\">\n\t\t\t\t\t\t<div class=\"elementor-container elementor-column-gap-default\">\n\t\t\t\t\t<div class=\"elementor-column elementor-col-100 elementor-top-column elementor-element elementor-element-4565af6\" data-id=\"4565af6\" data-element_type=\"column\" data-e-type=\"column\">\n\t\t\t<div class=\"elementor-widget-wrap elementor-element-populated\">\n\t\t\t\t\t\t<div class=\"elementor-element elementor-element-2ed1e4d elementor-widget elementor-widget-heading\" data-id=\"2ed1e4d\" data-element_type=\"widget\" data-e-type=\"widget\" data-widget_type=\"heading.default\">\n\t\t\t\t<div class=\"elementor-widget-container\">\n\t\t\t\t\t<h1 class=\"elementor-heading-title elementor-size-default\">History<\/h1>\t\t\t\t<\/div>\n\t\t\t\t<\/div>\n\t\t\t\t\t<\/div>\n\t\t<\/div>\n\t\t\t\t\t<\/div>\n\t\t<\/section>\n\t\t\t\t<section class=\"elementor-section elementor-top-section elementor-element elementor-element-90ed31f elementor-section-boxed elementor-section-height-default elementor-section-height-default\" data-id=\"90ed31f\" data-element_type=\"section\" data-e-type=\"section\">\n\t\t\t\t\t\t<div class=\"elementor-container elementor-column-gap-default\">\n\t\t\t\t\t<div class=\"elementor-column elementor-col-100 elementor-top-column elementor-element elementor-element-d3cf88d\" data-id=\"d3cf88d\" data-element_type=\"column\" data-e-type=\"column\">\n\t\t\t<div class=\"elementor-widget-wrap elementor-element-populated\">\n\t\t\t\t\t\t<div class=\"elementor-element elementor-element-3be586f elementor-widget elementor-widget-text-editor\" data-id=\"3be586f\" data-element_type=\"widget\" data-e-type=\"widget\" data-widget_type=\"text-editor.default\">\n\t\t\t\t<div class=\"elementor-widget-container\">\n\t\t\t\t\t\t\t\t\t<ul><li>1988: Establishment of the Foundation for buddhist studies<\/li><li>1988-1992: Vinaya research by Bhiksuni Jampa Tsedroen (Carola Roloff) on behalf of the Foundation<\/li><li>1990: Participation of Oliver Petersen in the International Seminar on Buddhist Translations: Problems and Perspectives 1990 Delhi (lecture on the Foundation dictionary project)<\/li><li>1992: Publication of the results of the Vinaya Project Jampa Tsedroen<\/li><li>1996: Purchase of the meditation house Semkye Ling in L\u00fcnzen\/Schneverdingen<\/li><li>1996: Opening of the Semkye Ling Meditation House (leased to the Tibetan Centre e.V.)<\/li><li>2000: Decision to sell the meditation house (negotiations with the Tibetan Centre e.V. about a takeover)<\/li><li>2006: Donation of H.H. Dalai Lama to the Foundation concerning the role of buddhist women in Sangha (Geshe training, full ordination)<\/li><li>2007: <a href=\"https:\/\/www.congress-on-buddhist-women.org\/\">1st International Congress on Buddhist Women\u2019s Role in the Sangha<\/a><\/li><li>2010: Publication of the Proceedings of the Congress of Nuns at Wisdom Publications<\/li><li>2011: Support for the translation and publication of the proceedings in German in the Edition Steinrich<\/li><\/ul>\t\t\t\t\t\t\t\t<\/div>\n\t\t\t\t<\/div>\n\t\t\t\t\t<\/div>\n\t\t<\/div>\n\t\t\t\t\t<\/div>\n\t\t<\/section>\n\t\t\t\t<\/div>","protected":false},"excerpt":{"rendered":"<p>Geschichte der Studienstiftung 1988: Gr\u00fcndung der Studienstiftung f\u00fcr Tibetischen Buddhismus 1988-1992: Vinaya-Research durch Bhiksuni Jampa Tsedroen (Carola Roloff) im Auftrag der Studienstiftung f\u00fcr Buddhismus 1990: Teilnahme Oliver Petersen am &#8222;International Seminar on Buddhist Translations: Problems and Perspectives&#8220; 1990 Delhi (Vortrag \u00fcber das W\u00f6rterbuch-Projekt der Studienstiftung) 1992: Ver\u00f6ffentlichung der Ergebnisse des Vinaya-Projekts Jampa Tsedroen 1996: Kauf [&hellip;]<\/p>\n","protected":false},"author":1,"featured_media":0,"parent":1181,"menu_order":1,"comment_status":"closed","ping_status":"closed","template":"","meta":{"site-sidebar-layout":"default","site-content-layout":"default","ast-site-content-layout":"","site-content-style":"default","site-sidebar-style":"default","ast-global-header-display":"","ast-banner-title-visibility":"","ast-main-header-display":"","ast-hfb-above-header-display":"","ast-hfb-below-header-display":"","ast-hfb-mobile-header-display":"","site-post-title":"disabled","ast-breadcrumbs-content":"","ast-featured-img":"disabled","footer-sml-layout":"","theme-transparent-header-meta":"default","adv-header-id-meta":"","stick-header-meta":"","header-above-stick-meta":"","header-main-stick-meta":"","header-below-stick-meta":"","astra-migrate-meta-layouts":"default","ast-page-background-enabled":"default","ast-page-background-meta":{"desktop":{"background-color":"","background-image":"","background-repeat":"repeat","background-position":"center center","background-size":"auto","background-attachment":"scroll","background-type":"","background-media":"","overlay-type":"","overlay-color":"","overlay-opacity":"","overlay-gradient":""},"tablet":{"background-color":"","background-image":"","background-repeat":"repeat","background-position":"center center","background-size":"auto","background-attachment":"scroll","background-type":"","background-media":"","overlay-type":"","overlay-color":"","overlay-opacity":"","overlay-gradient":""},"mobile":{"background-color":"","background-image":"","background-repeat":"repeat","background-position":"center center","background-size":"auto","background-attachment":"scroll","background-type":"","background-media":"","overlay-type":"","overlay-color":"","overlay-opacity":"","overlay-gradient":""}},"ast-content-background-meta":{"desktop":{"background-color":"var(--ast-global-color-5)","background-image":"","background-repeat":"repeat","background-position":"center center","background-size":"auto","background-attachment":"scroll","background-type":"","background-media":"","overlay-type":"","overlay-color":"","overlay-opacity":"","overlay-gradient":""},"tablet":{"background-color":"var(--ast-global-color-5)","background-image":"","background-repeat":"repeat","background-position":"center center","background-size":"auto","background-attachment":"scroll","background-type":"","background-media":"","overlay-type":"","overlay-color":"","overlay-opacity":"","overlay-gradient":""},"mobile":{"background-color":"var(--ast-global-color-5)","background-image":"","background-repeat":"repeat","background-position":"center center","background-size":"auto","background-attachment":"scroll","background-type":"","background-media":"","overlay-type":"","overlay-color":"","overlay-opacity":"","overlay-gradient":""}},"footnotes":""},"class_list":["post-1334","page","type-page","status-publish","hentry"],"_links":{"self":[{"href":"https:\/\/www.studienstiftung-fuer-buddhismus.de\/en\/wp-json\/wp\/v2\/pages\/1334","targetHints":{"allow":["GET"]}}],"collection":[{"href":"https:\/\/www.studienstiftung-fuer-buddhismus.de\/en\/wp-json\/wp\/v2\/pages"}],"about":[{"href":"https:\/\/www.studienstiftung-fuer-buddhismus.de\/en\/wp-json\/wp\/v2\/types\/page"}],"author":[{"embeddable":true,"href":"https:\/\/www.studienstiftung-fuer-buddhismus.de\/en\/wp-json\/wp\/v2\/users\/1"}],"replies":[{"embeddable":true,"href":"https:\/\/www.studienstiftung-fuer-buddhismus.de\/en\/wp-json\/wp\/v2\/comments?post=1334"}],"version-history":[{"count":3,"href":"https:\/\/www.studienstiftung-fuer-buddhismus.de\/en\/wp-json\/wp\/v2\/pages\/1334\/revisions"}],"predecessor-version":[{"id":1923,"href":"https:\/\/www.studienstiftung-fuer-buddhismus.de\/en\/wp-json\/wp\/v2\/pages\/1334\/revisions\/1923"}],"up":[{"embeddable":true,"href":"https:\/\/www.studienstiftung-fuer-buddhismus.de\/en\/wp-json\/wp\/v2\/pages\/1181"}],"wp:attachment":[{"href":"https:\/\/www.studienstiftung-fuer-buddhismus.de\/en\/wp-json\/wp\/v2\/media?parent=1334"}],"curies":[{"name":"wp","href":"https:\/\/api.w.org\/{rel}","templated":true}]}}