{"id":564,"date":"2019-04-08T12:34:32","date_gmt":"2019-04-08T10:34:42","guid":{"rendered":"http:\/\/h143399.web213.dogado.net\/studienstiftung\/?page_id=564"},"modified":"2023-11-22T14:02:15","modified_gmt":"2023-11-22T13:02:15","slug":"workshop-buddhist-interreligious-chaplaincy","status":"publish","type":"page","link":"https:\/\/www.studienstiftung-fuer-buddhismus.de\/en\/abgeschlossene-projekte\/workshop-buddhist-interreligious-chaplaincy\/","title":{"rendered":"Workshop &#8222;Buddhist and Interreligious Chaplaincy and Spiritual Care&#8220; 2022"},"content":{"rendered":"<div data-elementor-type=\"wp-page\" data-elementor-id=\"564\" class=\"elementor elementor-564\">\n\t\t\t\t\t\t<section class=\"elementor-section elementor-top-section elementor-element elementor-element-a912bb4 elementor-section-boxed elementor-section-height-default elementor-section-height-default\" data-id=\"a912bb4\" data-element_type=\"section\" data-e-type=\"section\">\n\t\t\t\t\t\t<div class=\"elementor-container elementor-column-gap-default\">\n\t\t\t\t\t<div class=\"elementor-column elementor-col-100 elementor-top-column elementor-element elementor-element-73f8fe6\" data-id=\"73f8fe6\" data-element_type=\"column\" data-e-type=\"column\">\n\t\t\t<div class=\"elementor-widget-wrap elementor-element-populated\">\n\t\t\t\t\t\t<div class=\"elementor-element elementor-element-b0c31cd elementor-widget elementor-widget-heading\" data-id=\"b0c31cd\" data-element_type=\"widget\" data-e-type=\"widget\" data-widget_type=\"heading.default\">\n\t\t\t\t<div class=\"elementor-widget-container\">\n\t\t\t\t\t<h1 class=\"elementor-heading-title elementor-size-default\">Lecture series \"Mindfulness in Education\"<\/h1>\t\t\t\t<\/div>\n\t\t\t\t<\/div>\n\t\t\t\t\t<\/div>\n\t\t<\/div>\n\t\t\t\t\t<\/div>\n\t\t<\/section>\n\t\t\t\t<section class=\"elementor-section elementor-top-section elementor-element elementor-element-75f40e74 elementor-section-boxed elementor-section-height-default elementor-section-height-default\" data-id=\"75f40e74\" data-element_type=\"section\" data-e-type=\"section\">\n\t\t\t\t\t\t<div class=\"elementor-container elementor-column-gap-default\">\n\t\t\t\t\t<div class=\"elementor-column elementor-col-100 elementor-top-column elementor-element elementor-element-5122bad5\" data-id=\"5122bad5\" data-element_type=\"column\" data-e-type=\"column\">\n\t\t\t<div class=\"elementor-widget-wrap elementor-element-populated\">\n\t\t\t\t\t\t<div class=\"elementor-element elementor-element-77a728c8 elementor-widget elementor-widget-text-editor\" data-id=\"77a728c8\" data-element_type=\"widget\" data-e-type=\"widget\" data-widget_type=\"text-editor.default\">\n\t\t\t\t<div class=\"elementor-widget-container\">\n\t\t\t\t\t\t\t\t\t<strong>The Foundation for Buddhist Studies supported the lecture series \"Mindfulness in Education\" at the University of Hamburg in the summer semester 2019, organised by Prof. Dr. Telse Iwers, Dr. Carola Roloff and Prof. Dr. Gordon Mitchell.<\/strong>\t\t\t\t\t\t\t\t<\/div>\n\t\t\t\t<\/div>\n\t\t\t\t\t<\/div>\n\t\t<\/div>\n\t\t\t\t\t<\/div>\n\t\t<\/section>\n\t\t\t\t<section class=\"elementor-section elementor-top-section elementor-element elementor-element-ce0654f elementor-section-boxed elementor-section-height-default elementor-section-height-default\" data-id=\"ce0654f\" data-element_type=\"section\" data-e-type=\"section\">\n\t\t\t\t\t\t<div class=\"elementor-container elementor-column-gap-default\">\n\t\t\t\t\t<div class=\"elementor-column elementor-col-50 elementor-top-column elementor-element elementor-element-13a0333\" data-id=\"13a0333\" data-element_type=\"column\" data-e-type=\"column\">\n\t\t\t<div class=\"elementor-widget-wrap elementor-element-populated\">\n\t\t\t\t\t\t<div class=\"elementor-element elementor-element-9a7c07b elementor-widget elementor-widget-text-editor\" data-id=\"9a7c07b\" data-element_type=\"widget\" data-e-type=\"widget\" data-widget_type=\"text-editor.default\">\n\t\t\t\t<div class=\"elementor-widget-container\">\n\t\t\t\t\t\t\t\t\t<p>For some time now, the topic of mindfulness has been finding its way into pedagogical discourses and fields of application in a variety of ways. On the one hand, the aim is to promote a stress-reducing attitude in pupils. This attitude is becoming increasingly virulent against the background of increasing media influences, challenges and opportunities. On the other hand, it is about the development of professional self-regulation of pedagogically active people and their ability to work in a team, whose interactions in educational situations are often decisive for the educational success of the learners.<br \/><br \/>The lecture series combined these different perspectives, starting from the fundamental question of how mindfulness can be integrated into educational work. Speakers from different fields explored the basics of social-emotional learning as well as the development of professionalism and described their experiences with mindfulness - from kindergarten and primary school to university.<\/p>\t\t\t\t\t\t\t\t<\/div>\n\t\t\t\t<\/div>\n\t\t\t\t\t<\/div>\n\t\t<\/div>\n\t\t\t\t<div class=\"elementor-column elementor-col-50 elementor-top-column elementor-element elementor-element-a68bb8f\" data-id=\"a68bb8f\" data-element_type=\"column\" data-e-type=\"column\">\n\t\t\t<div class=\"elementor-widget-wrap elementor-element-populated\">\n\t\t\t\t\t\t<div class=\"elementor-element elementor-element-d568ddf elementor-widget elementor-widget-image\" data-id=\"d568ddf\" data-element_type=\"widget\" data-e-type=\"widget\" data-widget_type=\"image.default\">\n\t\t\t\t<div class=\"elementor-widget-container\">\n\t\t\t\t\t\t\t\t\t\t\t\t\t\t\t<img fetchpriority=\"high\" decoding=\"async\" width=\"595\" height=\"842\" src=\"https:\/\/www.studienstiftung-fuer-buddhismus.de\/wp-content\/uploads\/2020\/03\/Plakat_Ringvorlesung_Achtsamkeit_finale_Version_akt_Logos.png\" class=\"attachment-large size-large wp-image-935\" alt=\"\" srcset=\"https:\/\/www.studienstiftung-fuer-buddhismus.de\/wp-content\/uploads\/2020\/03\/Plakat_Ringvorlesung_Achtsamkeit_finale_Version_akt_Logos.png 595w, https:\/\/www.studienstiftung-fuer-buddhismus.de\/wp-content\/uploads\/2020\/03\/Plakat_Ringvorlesung_Achtsamkeit_finale_Version_akt_Logos-212x300.png 212w\" sizes=\"(max-width: 595px) 100vw, 595px\" \/>\t\t\t\t\t\t\t\t\t\t\t\t\t\t\t<\/div>\n\t\t\t\t<\/div>\n\t\t\t\t\t<\/div>\n\t\t<\/div>\n\t\t\t\t\t<\/div>\n\t\t<\/section>\n\t\t\t\t<section class=\"elementor-section elementor-top-section elementor-element elementor-element-f998c89 elementor-section-boxed elementor-section-height-default elementor-section-height-default\" data-id=\"f998c89\" data-element_type=\"section\" data-e-type=\"section\">\n\t\t\t\t\t\t<div class=\"elementor-container elementor-column-gap-default\">\n\t\t\t\t\t<div class=\"elementor-column elementor-col-100 elementor-top-column elementor-element elementor-element-269e18f\" data-id=\"269e18f\" data-element_type=\"column\" data-e-type=\"column\">\n\t\t\t<div class=\"elementor-widget-wrap elementor-element-populated\">\n\t\t\t\t\t\t<div class=\"elementor-element elementor-element-d5e0da1 elementor-widget elementor-widget-text-editor\" data-id=\"d5e0da1\" data-element_type=\"widget\" data-e-type=\"widget\" data-widget_type=\"text-editor.default\">\n\t\t\t\t<div class=\"elementor-widget-container\">\n\t\t\t\t\t\t\t\t\t<h2>Program and lecture recordings (in german)<\/h2><ul><li><a href=\"https:\/\/www.ew.uni-hamburg.de\/ueber-die-fakultaet\/files-2019\/rv-achtsamkeit.pdf\">Overview of the lectures<\/a> (PDF)<\/li><li><a href=\"https:\/\/lecture2go.uni-hamburg.de\/l2go\/-\/get\/l\/5114\">Lecture recordings<\/a><\/li><\/ul>\t\t\t\t\t\t\t\t<\/div>\n\t\t\t\t<\/div>\n\t\t\t\t\t<\/div>\n\t\t<\/div>\n\t\t\t\t\t<\/div>\n\t\t<\/section>\n\t\t\t\t<\/div>","protected":false},"excerpt":{"rendered":"<p>Ringvorlesung &#8222;Achtsamkeit in der P\u00e4dagogik&#8220; 2019 Die Studienstiftung f\u00fcr Buddhismus unterst\u00fctzte die Ringvorlesung &#8222;Achtsamkeit in der P\u00e4dagogik&#8220; an der Universit\u00e4t Hamburg im Sommersemester 2019, veranstaltet von Prof. Dr. Telse Iwers, Dr. Carola Roloff und Prof. Dr. Gordon Mitchell. Das Thema Achtsamkeit findet seit einiger Zeit vielf\u00e4ltig Eingang in p\u00e4dagogische Diskurse und Anwendungsfelder. Dabei geht es [&hellip;]<\/p>\n","protected":false},"author":1,"featured_media":0,"parent":562,"menu_order":0,"comment_status":"closed","ping_status":"closed","template":"","meta":{"site-sidebar-layout":"default","site-content-layout":"default","ast-site-content-layout":"","site-content-style":"default","site-sidebar-style":"default","ast-global-header-display":"","ast-banner-title-visibility":"","ast-main-header-display":"","ast-hfb-above-header-display":"","ast-hfb-below-header-display":"","ast-hfb-mobile-header-display":"","site-post-title":"disabled","ast-breadcrumbs-content":"","ast-featured-img":"","footer-sml-layout":"","theme-transparent-header-meta":"default","adv-header-id-meta":"","stick-header-meta":"","header-above-stick-meta":"","header-main-stick-meta":"","header-below-stick-meta":"","astra-migrate-meta-layouts":"default","ast-page-background-enabled":"default","ast-page-background-meta":{"desktop":{"background-color":"","background-image":"","background-repeat":"repeat","background-position":"center center","background-size":"auto","background-attachment":"scroll","background-type":"","background-media":"","overlay-type":"","overlay-color":"","overlay-opacity":"","overlay-gradient":""},"tablet":{"background-color":"","background-image":"","background-repeat":"repeat","background-position":"center center","background-size":"auto","background-attachment":"scroll","background-type":"","background-media":"","overlay-type":"","overlay-color":"","overlay-opacity":"","overlay-gradient":""},"mobile":{"background-color":"","background-image":"","background-repeat":"repeat","background-position":"center center","background-size":"auto","background-attachment":"scroll","background-type":"","background-media":"","overlay-type":"","overlay-color":"","overlay-opacity":"","overlay-gradient":""}},"ast-content-background-meta":{"desktop":{"background-color":"var(--ast-global-color-5)","background-image":"","background-repeat":"repeat","background-position":"center center","background-size":"auto","background-attachment":"scroll","background-type":"","background-media":"","overlay-type":"","overlay-color":"","overlay-opacity":"","overlay-gradient":""},"tablet":{"background-color":"var(--ast-global-color-5)","background-image":"","background-repeat":"repeat","background-position":"center center","background-size":"auto","background-attachment":"scroll","background-type":"","background-media":"","overlay-type":"","overlay-color":"","overlay-opacity":"","overlay-gradient":""},"mobile":{"background-color":"var(--ast-global-color-5)","background-image":"","background-repeat":"repeat","background-position":"center center","background-size":"auto","background-attachment":"scroll","background-type":"","background-media":"","overlay-type":"","overlay-color":"","overlay-opacity":"","overlay-gradient":""}},"footnotes":""},"class_list":["post-564","page","type-page","status-publish","hentry"],"_links":{"self":[{"href":"https:\/\/www.studienstiftung-fuer-buddhismus.de\/en\/wp-json\/wp\/v2\/pages\/564","targetHints":{"allow":["GET"]}}],"collection":[{"href":"https:\/\/www.studienstiftung-fuer-buddhismus.de\/en\/wp-json\/wp\/v2\/pages"}],"about":[{"href":"https:\/\/www.studienstiftung-fuer-buddhismus.de\/en\/wp-json\/wp\/v2\/types\/page"}],"author":[{"embeddable":true,"href":"https:\/\/www.studienstiftung-fuer-buddhismus.de\/en\/wp-json\/wp\/v2\/users\/1"}],"replies":[{"embeddable":true,"href":"https:\/\/www.studienstiftung-fuer-buddhismus.de\/en\/wp-json\/wp\/v2\/comments?post=564"}],"version-history":[{"count":2,"href":"https:\/\/www.studienstiftung-fuer-buddhismus.de\/en\/wp-json\/wp\/v2\/pages\/564\/revisions"}],"predecessor-version":[{"id":1866,"href":"https:\/\/www.studienstiftung-fuer-buddhismus.de\/en\/wp-json\/wp\/v2\/pages\/564\/revisions\/1866"}],"up":[{"embeddable":true,"href":"https:\/\/www.studienstiftung-fuer-buddhismus.de\/en\/wp-json\/wp\/v2\/pages\/562"}],"wp:attachment":[{"href":"https:\/\/www.studienstiftung-fuer-buddhismus.de\/en\/wp-json\/wp\/v2\/media?parent=564"}],"curies":[{"name":"wp","href":"https:\/\/api.w.org\/{rel}","templated":true}]}}